{"id":494,"date":"2022-09-20T11:53:31","date_gmt":"2022-09-20T11:53:31","guid":{"rendered":"http:\/\/accademiadavidtickets.com\/?page_id=494"},"modified":"2022-10-12T16:38:22","modified_gmt":"2022-10-12T16:38:22","slug":"about-us","status":"publish","type":"page","link":"https:\/\/accademiadavidtickets.com\/it\/about-us\/","title":{"rendered":"About Us"},"content":{"rendered":"<style>.kadence-column_f26098-db > .kt-inside-inner-col{border-top-width:0px;border-right-width:0px;border-bottom-width:0px;border-left-width:0px;}.kadence-column_f26098-db > .kt-inside-inner-col,.kadence-column_f26098-db > .kt-inside-inner-col:before{border-top-left-radius:0px;border-top-right-radius:0px;border-bottom-right-radius:0px;border-bottom-left-radius:0px;}.kadence-column_f26098-db > .kt-inside-inner-col{column-gap:var(--global-kb-gap-sm, 1rem);}.kadence-column_f26098-db > .kt-inside-inner-col{flex-direction:column;}.kadence-column_f26098-db > .kt-inside-inner-col > .aligncenter{width:100%;}.kadence-column_f26098-db > .kt-inside-inner-col:before{opacity:0.3;}.kadence-column_f26098-db{position:relative;}@media all and (max-width: 1024px){.kadence-column_f26098-db > .kt-inside-inner-col{flex-direction:column;justify-content:center;}}@media all and (max-width: 767px){.kadence-column_f26098-db > .kt-inside-inner-col{flex-direction:column;justify-content:center;}}<\/style>\n<div class=\"wp-block-kadence-column inner-column-1 kadence-column_f26098-db\"><div class=\"kt-inside-inner-col\"><style>#kt-layout-id_bc8817-a9 > .kt-row-column-wrap{align-content:center;}:where(#kt-layout-id_bc8817-a9 > .kt-row-column-wrap) > .wp-block-kadence-column{justify-content:center;}#kt-layout-id_bc8817-a9 > .kt-row-column-wrap{column-gap:var(--global-kb-gap-md, 2rem);row-gap:var(--global-kb-gap-md, 2rem);max-width:1200px;margin-left:auto;margin-right:auto;padding-top:var( --global-kb-row-default-top, 25px );padding-bottom:var( --global-kb-row-default-bottom, 25px );padding-left:0px;min-height:550px;grid-template-columns:minmax(0, 1fr);}#kt-layout-id_bc8817-a9{background-image:url('http:\/\/accademiadavidtickets.com\/wp-content\/uploads\/2022\/09\/73.jpg');background-size:cover;background-position:center center;background-attachment:scroll;background-repeat:no-repeat;}#kt-layout-id_bc8817-a9 > .kt-row-layout-overlay{opacity:0.30;}@media all and (max-width: 1024px){#kt-layout-id_bc8817-a9 > .kt-row-column-wrap{grid-template-columns:minmax(0, 1fr);}}@media all and (max-width: 767px){#kt-layout-id_bc8817-a9 > .kt-row-column-wrap{grid-template-columns:minmax(0, 1fr);}}<\/style>\n<div class=\"wp-block-kadence-rowlayout alignfull\"><div id=\"kt-layout-id_bc8817-a9\" class=\"kt-row-layout-inner kt-row-has-bg kt-layout-id_bc8817-a9\"><div class=\"kt-row-column-wrap kt-has-1-columns kt-gutter-default kt-v-gutter-default kt-row-valign-middle kt-row-layout-equal kt-tab-layout-inherit kt-m-colapse-left-to-right kt-mobile-layout-row\"><style>.kadence-column_818d97-62 > .kt-inside-inner-col{border-top-width:0px;border-right-width:0px;border-bottom-width:0px;border-left-width:0px;}.kadence-column_818d97-62 > .kt-inside-inner-col,.kadence-column_818d97-62 > .kt-inside-inner-col:before{border-top-left-radius:0px;border-top-right-radius:0px;border-bottom-right-radius:0px;border-bottom-left-radius:0px;}.kadence-column_818d97-62 > .kt-inside-inner-col{column-gap:var(--global-kb-gap-sm, 1rem);}.kadence-column_818d97-62 > .kt-inside-inner-col{flex-direction:column;}.kadence-column_818d97-62 > .kt-inside-inner-col > .aligncenter{width:100%;}.kadence-column_818d97-62 > .kt-inside-inner-col:before{opacity:0.3;}.kadence-column_818d97-62{position:relative;}@media all and (max-width: 1024px){.kadence-column_818d97-62 > .kt-inside-inner-col{flex-direction:column;justify-content:center;}}@media all and (max-width: 767px){.kadence-column_818d97-62 > .kt-inside-inner-col{flex-direction:column;justify-content:center;}}<\/style>\n<div class=\"wp-block-kadence-column inner-column-1 kadence-column_818d97-62\"><div class=\"kt-inside-inner-col\"><\/div><\/div>\n<\/div><\/div><\/div>\n\n\n<style>#kt-layout-id_a99eac-71 > .kt-row-column-wrap{align-content:start;}:where(#kt-layout-id_a99eac-71 > .kt-row-column-wrap) > .wp-block-kadence-column{justify-content:start;}#kt-layout-id_a99eac-71 > .kt-row-column-wrap{column-gap:var(--global-kb-gap-md, 2rem);row-gap:var(--global-kb-gap-md, 2rem);max-width:1200px;margin-left:auto;margin-right:auto;padding-top:var( --global-kb-row-default-top, 25px );padding-bottom:var( --global-kb-row-default-bottom, 25px );padding-top:0px;padding-bottom:80px;grid-template-columns:minmax(0, 1fr);}#kt-layout-id_a99eac-71 > .kt-row-layout-overlay{opacity:0.30;}@media all and (max-width: 1024px){#kt-layout-id_a99eac-71 > .kt-row-column-wrap{grid-template-columns:minmax(0, 1fr);}}@media all and (max-width: 767px){#kt-layout-id_a99eac-71 > .kt-row-column-wrap{grid-template-columns:minmax(0, 1fr);}}<\/style>\n<div class=\"wp-block-kadence-rowlayout alignnone\"><div id=\"kt-layout-id_a99eac-71\" class=\"kt-row-layout-inner kt-layout-id_a99eac-71\"><div class=\"kt-row-column-wrap kt-has-1-columns kt-gutter-default kt-v-gutter-default kt-row-valign-top kt-row-layout-equal kt-tab-layout-inherit kt-m-colapse-left-to-right kt-mobile-layout-row\"><style>.kadence-column_d4b0be-71 > .kt-inside-inner-col{border-top-width:0px;border-right-width:0px;border-bottom-width:0px;border-left-width:0px;}.kadence-column_d4b0be-71 > .kt-inside-inner-col,.kadence-column_d4b0be-71 > .kt-inside-inner-col:before{border-top-left-radius:0px;border-top-right-radius:0px;border-bottom-right-radius:0px;border-bottom-left-radius:0px;}.kadence-column_d4b0be-71 > .kt-inside-inner-col{column-gap:var(--global-kb-gap-sm, 1rem);}.kadence-column_d4b0be-71 > .kt-inside-inner-col{flex-direction:column;}.kadence-column_d4b0be-71 > .kt-inside-inner-col > .aligncenter{width:100%;}.kadence-column_d4b0be-71 > .kt-inside-inner-col:before{opacity:0.3;}.kadence-column_d4b0be-71{position:relative;}@media all and (max-width: 1024px){.kadence-column_d4b0be-71 > .kt-inside-inner-col{flex-direction:column;justify-content:center;}}@media all and (max-width: 767px){.kadence-column_d4b0be-71 > .kt-inside-inner-col{flex-direction:column;justify-content:center;}}<\/style>\n<div class=\"wp-block-kadence-column inner-column-1 kadence-column_d4b0be-71\"><div class=\"kt-inside-inner-col\"><style>.wp-block-kadence-advancedheading.kt-adv-heading_cfb6a8-2b, .wp-block-kadence-advancedheading.kt-adv-heading_cfb6a8-2b[data-kb-block=\"kb-adv-heading_cfb6a8-2b\"]{padding-bottom:20px;text-align:center;font-style:normal;}.wp-block-kadence-advancedheading.kt-adv-heading_cfb6a8-2b mark.kt-highlight, .wp-block-kadence-advancedheading.kt-adv-heading_cfb6a8-2b[data-kb-block=\"kb-adv-heading_cfb6a8-2b\"] mark.kt-highlight{font-style:normal;color:#f76a0c;-webkit-box-decoration-break:clone;box-decoration-break:clone;padding-top:0px;padding-right:0px;padding-bottom:0px;padding-left:0px;}<\/style>\n<h1 class=\"kt-adv-heading_cfb6a8-2b wp-block-kadence-advancedheading\" data-kb-block=\"kb-adv-heading_cfb6a8-2b\">Chi siamo<\/h1>\n\n\n<style>.wp-block-kadence-advancedheading.kt-adv-heading_41bddb-d1, .wp-block-kadence-advancedheading.kt-adv-heading_41bddb-d1[data-kb-block=\"kb-adv-heading_41bddb-d1\"]{font-style:normal;}.wp-block-kadence-advancedheading.kt-adv-heading_41bddb-d1 mark.kt-highlight, .wp-block-kadence-advancedheading.kt-adv-heading_41bddb-d1[data-kb-block=\"kb-adv-heading_41bddb-d1\"] mark.kt-highlight{font-style:normal;color:#f76a0c;-webkit-box-decoration-break:clone;box-decoration-break:clone;padding-top:0px;padding-right:0px;padding-bottom:0px;padding-left:0px;}<\/style>\n<p class=\"kt-adv-heading_41bddb-d1 wp-block-kadence-advancedheading\" data-kb-block=\"kb-adv-heading_41bddb-d1\">Il <strong>accademiadavidtickets.com<\/strong> Il sito web \u00e8 gestito da Florence Specialists for Small Group Tours, un&#039;agenzia di viaggi e tour operator con sede a Firenze. \u00c8 stata fondata da un team di professionisti del turismo giovani, entusiasti e dedicati. <\/p>\n\n\n<style>.wp-block-kadence-advancedheading.kt-adv-heading_95a1c1-f6, .wp-block-kadence-advancedheading.kt-adv-heading_95a1c1-f6[data-kb-block=\"kb-adv-heading_95a1c1-f6\"]{font-style:normal;}.wp-block-kadence-advancedheading.kt-adv-heading_95a1c1-f6 mark.kt-highlight, .wp-block-kadence-advancedheading.kt-adv-heading_95a1c1-f6[data-kb-block=\"kb-adv-heading_95a1c1-f6\"] mark.kt-highlight{font-style:normal;color:#f76a0c;-webkit-box-decoration-break:clone;box-decoration-break:clone;padding-top:0px;padding-right:0px;padding-bottom:0px;padding-left:0px;}<\/style>\n<p class=\"kt-adv-heading_95a1c1-f6 wp-block-kadence-advancedheading\" data-kb-block=\"kb-adv-heading_95a1c1-f6\">In qualit\u00e0 di piccolo gruppo e fornitore di tour privati di Firenze, il nostro team \u00e8 specializzato nel fornire ai viaggiatori l&#039;accesso prioritario ai musei di livello mondiale della citt\u00e0 e ai luoghi mozzafiato. La nostra missione \u00e8 assistere e guidare i viaggiatori con dedizione e cura, offrendo un servizio eccellente. Con noi puoi prenotare biglietti, effettuare prenotazioni e fare visite guidate. <\/p>\n\n\n<style>.wp-block-kadence-advancedheading.kt-adv-heading_c50ec8-3e, .wp-block-kadence-advancedheading.kt-adv-heading_c50ec8-3e[data-kb-block=\"kb-adv-heading_c50ec8-3e\"]{font-style:normal;}.wp-block-kadence-advancedheading.kt-adv-heading_c50ec8-3e mark.kt-highlight, .wp-block-kadence-advancedheading.kt-adv-heading_c50ec8-3e[data-kb-block=\"kb-adv-heading_c50ec8-3e\"] mark.kt-highlight{font-style:normal;color:#f76a0c;-webkit-box-decoration-break:clone;box-decoration-break:clone;padding-top:0px;padding-right:0px;padding-bottom:0px;padding-left:0px;}<\/style>\n<p class=\"kt-adv-heading_c50ec8-3e wp-block-kadence-advancedheading\" data-kb-block=\"kb-adv-heading_c50ec8-3e\">Oltre ad organizzare tour privati esclusivi, pianifichiamo anche tour su misura per soddisfare le esigenze e i budget di piccoli gruppi e famiglie. Abbiamo un team professionale di guide turistiche, hostess, interpreti e agenti di viaggio disponibili per assisterti con tutte le tue esigenze di viaggio. <\/p>\n\n\n<style>.wp-block-kadence-advancedheading.kt-adv-heading_5b7390-e8, .wp-block-kadence-advancedheading.kt-adv-heading_5b7390-e8[data-kb-block=\"kb-adv-heading_5b7390-e8\"]{font-style:normal;}.wp-block-kadence-advancedheading.kt-adv-heading_5b7390-e8 mark.kt-highlight, .wp-block-kadence-advancedheading.kt-adv-heading_5b7390-e8[data-kb-block=\"kb-adv-heading_5b7390-e8\"] mark.kt-highlight{font-style:normal;color:#f76a0c;-webkit-box-decoration-break:clone;box-decoration-break:clone;padding-top:0px;padding-right:0px;padding-bottom:0px;padding-left:0px;}<\/style>\n<p class=\"kt-adv-heading_5b7390-e8 wp-block-kadence-advancedheading\" data-kb-block=\"kb-adv-heading_5b7390-e8\">Entra a far parte della famiglia Florence Specialists e goditi la bellezza di Firenze con la gente del posto.<\/p>\n\n\n<style>.wp-block-kadence-advancedheading.kt-adv-heading_9662d1-2a, .wp-block-kadence-advancedheading.kt-adv-heading_9662d1-2a[data-kb-block=\"kb-adv-heading_9662d1-2a\"]{font-style:normal;}.wp-block-kadence-advancedheading.kt-adv-heading_9662d1-2a mark.kt-highlight, .wp-block-kadence-advancedheading.kt-adv-heading_9662d1-2a[data-kb-block=\"kb-adv-heading_9662d1-2a\"] mark.kt-highlight{font-style:normal;color:#f76a0c;-webkit-box-decoration-break:clone;box-decoration-break:clone;padding-top:0px;padding-right:0px;padding-bottom:0px;padding-left:0px;}<\/style>\n<h3 class=\"kt-adv-heading_9662d1-2a wp-block-kadence-advancedheading\" data-kb-block=\"kb-adv-heading_9662d1-2a\">Dettagli della Compagnia<\/h3>\n\n\n<style>#kt-layout-id_8e2c08-cc > .kt-row-column-wrap{align-content:start;}:where(#kt-layout-id_8e2c08-cc > .kt-row-column-wrap) > .wp-block-kadence-column{justify-content:start;}#kt-layout-id_8e2c08-cc > .kt-row-column-wrap{column-gap:var(--global-kb-gap-md, 2rem);row-gap:var(--global-kb-gap-md, 2rem);padding-top:var( --global-kb-row-default-top, 25px );padding-bottom:var( --global-kb-row-default-bottom, 25px );padding-top:10px;padding-left:10px;grid-template-columns:minmax(0, 1fr);}#kt-layout-id_8e2c08-cc > .kt-row-layout-overlay{opacity:0.30;}@media all and (max-width: 1024px){#kt-layout-id_8e2c08-cc > .kt-row-column-wrap{grid-template-columns:minmax(0, 1fr);}}@media all and (max-width: 767px){#kt-layout-id_8e2c08-cc > .kt-row-column-wrap{grid-template-columns:minmax(0, 1fr);}}<\/style>\n<div class=\"wp-block-kadence-rowlayout alignnone\"><div id=\"kt-layout-id_8e2c08-cc\" class=\"kt-row-layout-inner kt-layout-id_8e2c08-cc\"><div class=\"kt-row-column-wrap kt-has-1-columns kt-gutter-default kt-v-gutter-default kt-row-valign-top kt-row-layout-equal kt-tab-layout-inherit kt-m-colapse-left-to-right kt-mobile-layout-row\"><style>.kadence-column_93d199-63 > .kt-inside-inner-col{border-top-width:0px;border-right-width:0px;border-bottom-width:0px;border-left-width:0px;}.kadence-column_93d199-63 > .kt-inside-inner-col,.kadence-column_93d199-63 > .kt-inside-inner-col:before{border-top-left-radius:0px;border-top-right-radius:0px;border-bottom-right-radius:0px;border-bottom-left-radius:0px;}.kadence-column_93d199-63 > .kt-inside-inner-col{column-gap:var(--global-kb-gap-sm, 1rem);}.kadence-column_93d199-63 > .kt-inside-inner-col{flex-direction:column;}.kadence-column_93d199-63 > .kt-inside-inner-col > .aligncenter{width:100%;}.kadence-column_93d199-63 > .kt-inside-inner-col:before{opacity:0.3;}.kadence-column_93d199-63{position:relative;}@media all and (max-width: 1024px){.kadence-column_93d199-63 > .kt-inside-inner-col{flex-direction:column;justify-content:center;}}@media all and (max-width: 767px){.kadence-column_93d199-63 > .kt-inside-inner-col{flex-direction:column;justify-content:center;}}<\/style>\n<div class=\"wp-block-kadence-column inner-column-1 kadence-column_93d199-63\"><div class=\"kt-inside-inner-col\">\n<p><strong>Nome della ditta:<\/strong><br>Florence Specialist Small Group Tours SLRS<\/p>\n\n\n\n<p><strong>Indirizzo di posta:<\/strong><br>Via Ricasoli, 119 ( Numeri ROSSI ), Firenze, Italia.<\/p>\n\n\n\n<p><strong>Informazioni sui contatti:<\/strong><br>admin@florencespecialist.com<\/p>\n<\/div><\/div>\n<\/div><\/div><\/div>\n<\/div><\/div>\n<\/div><\/div><\/div>\n<\/div><\/div>","protected":false},"excerpt":{"rendered":"<p>About us The accademiadavidtickets.com website is operated by Florence Specialists for Small Group Tours, which is a travel agency and tour operator based in Florence. It was founded by a team of young, enthusiastic, and dedicated tourism professionals. As a small group and private tour provider of Florence, our team specializes in providing travellers with&#8230;<\/p>","protected":false},"author":1,"featured_media":0,"parent":0,"menu_order":0,"comment_status":"closed","ping_status":"closed","template":"","meta":{"_kad_blocks_custom_css":"","_kad_blocks_head_custom_js":"","_kad_blocks_body_custom_js":"","_kad_blocks_footer_custom_js":"","_kadence_starter_templates_imported_post":false,"_kad_post_transparent":"disable","_kad_post_title":"hide","_kad_post_layout":"normal","_kad_post_sidebar_id":"","_kad_post_content_style":"unboxed","_kad_post_vertical_padding":"hide","_kad_post_feature":"hide","_kad_post_feature_position":"","_kad_post_header":false,"_kad_post_footer":false,"_joinchat":[],"footnotes":""},"class_list":["post-494","page","type-page","status-publish","hentry"],"featured_image_src_large":false,"author_info":{"display_name":"Accademia David Tickets","author_link":"https:\/\/accademiadavidtickets.com\/it\/author\/g-dhanushka123gmail-com\/"},"comment_info":0,"taxonomy_info":[],"_links":{"self":[{"href":"https:\/\/accademiadavidtickets.com\/it\/wp-json\/wp\/v2\/pages\/494","targetHints":{"allow":["GET"]}}],"collection":[{"href":"https:\/\/accademiadavidtickets.com\/it\/wp-json\/wp\/v2\/pages"}],"about":[{"href":"https:\/\/accademiadavidtickets.com\/it\/wp-json\/wp\/v2\/types\/page"}],"author":[{"embeddable":true,"href":"https:\/\/accademiadavidtickets.com\/it\/wp-json\/wp\/v2\/users\/1"}],"replies":[{"embeddable":true,"href":"https:\/\/accademiadavidtickets.com\/it\/wp-json\/wp\/v2\/comments?post=494"}],"version-history":[{"count":0,"href":"https:\/\/accademiadavidtickets.com\/it\/wp-json\/wp\/v2\/pages\/494\/revisions"}],"wp:attachment":[{"href":"https:\/\/accademiadavidtickets.com\/it\/wp-json\/wp\/v2\/media?parent=494"}],"curies":[{"name":"wp","href":"https:\/\/api.w.org\/{rel}","templated":true}]}}