{"id":1524,"date":"2022-09-28T20:08:07","date_gmt":"2022-09-28T20:08:07","guid":{"rendered":"http:\/\/accademiadavidtickets.com\/?page_id=1524"},"modified":"2022-10-09T20:40:03","modified_gmt":"2022-10-09T20:40:03","slug":"ticket-types","status":"publish","type":"page","link":"https:\/\/accademiadavidtickets.com\/it\/ticket-types\/","title":{"rendered":"Tipi di biglietti"},"content":{"rendered":"<style>.kadence-column_4e8636-d4 > .kt-inside-inner-col{border-top-width:0px;border-right-width:0px;border-bottom-width:0px;border-left-width:0px;}.kadence-column_4e8636-d4 > .kt-inside-inner-col,.kadence-column_4e8636-d4 > .kt-inside-inner-col:before{border-top-left-radius:0px;border-top-right-radius:0px;border-bottom-right-radius:0px;border-bottom-left-radius:0px;}.kadence-column_4e8636-d4 > .kt-inside-inner-col{column-gap:var(--global-kb-gap-sm, 1rem);}.kadence-column_4e8636-d4 > .kt-inside-inner-col{flex-direction:column;}.kadence-column_4e8636-d4 > .kt-inside-inner-col > .aligncenter{width:100%;}.kadence-column_4e8636-d4 > .kt-inside-inner-col:before{opacity:0.3;}.kadence-column_4e8636-d4{position:relative;}@media all and (max-width: 1024px){.kadence-column_4e8636-d4 > .kt-inside-inner-col{flex-direction:column;justify-content:center;}}@media all and (max-width: 767px){.kadence-column_4e8636-d4 > .kt-inside-inner-col{flex-direction:column;justify-content:center;}}<\/style>\n<div class=\"wp-block-kadence-column inner-column-1 kadence-column_4e8636-d4\"><div class=\"kt-inside-inner-col\"><style>#kt-layout-id_6476a2-0f > .kt-row-column-wrap{align-content:center;}:where(#kt-layout-id_6476a2-0f > .kt-row-column-wrap) > .wp-block-kadence-column{justify-content:center;}#kt-layout-id_6476a2-0f > .kt-row-column-wrap{column-gap:var(--global-kb-gap-md, 2rem);row-gap:var(--global-kb-gap-md, 2rem);max-width:1200px;margin-left:auto;margin-right:auto;padding-top:var( --global-kb-row-default-top, 25px );padding-bottom:var( --global-kb-row-default-bottom, 25px );padding-top:var(--global-kb-spacing-sm, 1.5rem);padding-bottom:var(--global-kb-spacing-sm, 1.5rem);min-height:550px;grid-template-columns:minmax(0, 1fr);}#kt-layout-id_6476a2-0f{background-image:url('http:\/\/accademiadavidtickets.com\/wp-content\/uploads\/2022\/09\/78.jpg');background-size:cover;background-position:center center;background-attachment:scroll;background-repeat:no-repeat;}#kt-layout-id_6476a2-0f > .kt-row-layout-overlay{opacity:0.30;}@media all and (max-width: 1024px){#kt-layout-id_6476a2-0f > .kt-row-column-wrap{grid-template-columns:minmax(0, 1fr);}}@media all and (max-width: 767px){#kt-layout-id_6476a2-0f > .kt-row-column-wrap{grid-template-columns:minmax(0, 1fr);}}<\/style>\n<div class=\"wp-block-kadence-rowlayout alignfull\"><div id=\"kt-layout-id_6476a2-0f\" class=\"kt-row-layout-inner kt-row-has-bg kt-layout-id_6476a2-0f\"><div class=\"kt-row-column-wrap kt-has-1-columns kt-gutter-default kt-v-gutter-default kt-row-valign-middle kt-row-layout-equal kt-tab-layout-inherit kt-m-colapse-left-to-right kt-mobile-layout-row\"><style>.kadence-column_9e69d0-94 > .kt-inside-inner-col{border-top-width:0px;border-right-width:0px;border-bottom-width:0px;border-left-width:0px;}.kadence-column_9e69d0-94 > .kt-inside-inner-col,.kadence-column_9e69d0-94 > .kt-inside-inner-col:before{border-top-left-radius:0px;border-top-right-radius:0px;border-bottom-right-radius:0px;border-bottom-left-radius:0px;}.kadence-column_9e69d0-94 > .kt-inside-inner-col{column-gap:var(--global-kb-gap-sm, 1rem);}.kadence-column_9e69d0-94 > .kt-inside-inner-col{flex-direction:column;}.kadence-column_9e69d0-94 > .kt-inside-inner-col > .aligncenter{width:100%;}.kadence-column_9e69d0-94 > .kt-inside-inner-col:before{opacity:0.3;}.kadence-column_9e69d0-94{position:relative;}@media all and (max-width: 1024px){.kadence-column_9e69d0-94 > .kt-inside-inner-col{flex-direction:column;justify-content:center;}}@media all and (max-width: 767px){.kadence-column_9e69d0-94 > .kt-inside-inner-col{flex-direction:column;justify-content:center;}}<\/style>\n<div class=\"wp-block-kadence-column inner-column-1 kadence-column_9e69d0-94\"><div class=\"kt-inside-inner-col\"><style>.wp-block-kadence-advancedheading.kt-adv-heading_933295-a1, .wp-block-kadence-advancedheading.kt-adv-heading_933295-a1[data-kb-block=\"kb-adv-heading_933295-a1\"]{font-style:normal;text-shadow:5px 1px 5px rgba(0, 0, 0, 0.2);}.wp-block-kadence-advancedheading.kt-adv-heading_933295-a1 mark.kt-highlight, .wp-block-kadence-advancedheading.kt-adv-heading_933295-a1[data-kb-block=\"kb-adv-heading_933295-a1\"] mark.kt-highlight{font-style:normal;color:#f76a0c;-webkit-box-decoration-break:clone;box-decoration-break:clone;padding-top:0px;padding-right:0px;padding-bottom:0px;padding-left:0px;}@media all and (max-width: 1024px){.wp-block-kadence-advancedheading.kt-adv-heading_933295-a1, .wp-block-kadence-advancedheading.kt-adv-heading_933295-a1[data-kb-block=\"kb-adv-heading_933295-a1\"]{text-shadow:5px 1px 5px rgba(0, 0, 0, 0.2);}}@media all and (max-width: 767px){.wp-block-kadence-advancedheading.kt-adv-heading_933295-a1, .wp-block-kadence-advancedheading.kt-adv-heading_933295-a1[data-kb-block=\"kb-adv-heading_933295-a1\"]{text-shadow:5px 1px 5px rgba(0, 0, 0, 0.2);}}<\/style>\n<h1 class=\"kt-adv-heading_933295-a1 wp-block-kadence-advancedheading has-theme-palette-9-color has-text-color\" data-kb-block=\"kb-adv-heading_933295-a1\">Tipi di biglietti<\/h1>\n<\/div><\/div>\n<\/div><\/div><\/div>\n\n\n<style>#kt-layout-id_35f599-b2 > .kt-row-column-wrap{align-content:start;}:where(#kt-layout-id_35f599-b2 > .kt-row-column-wrap) > .wp-block-kadence-column{justify-content:start;}#kt-layout-id_35f599-b2 > .kt-row-column-wrap{column-gap:var(--global-kb-gap-md, 2rem);row-gap:var(--global-kb-gap-md, 2rem);padding-top:var( --global-kb-row-default-top, 25px );padding-bottom:var( --global-kb-row-default-bottom, 25px );padding-top:50px;padding-bottom:50px;grid-template-columns:minmax(0, 1fr);}#kt-layout-id_35f599-b2 > .kt-row-layout-overlay{opacity:0.30;}@media all and (max-width: 1024px){#kt-layout-id_35f599-b2 > .kt-row-column-wrap{grid-template-columns:minmax(0, 1fr);}}@media all and (max-width: 767px){#kt-layout-id_35f599-b2 > .kt-row-column-wrap{grid-template-columns:minmax(0, 1fr);}}<\/style>\n<div class=\"wp-block-kadence-rowlayout alignnone\"><div id=\"kt-layout-id_35f599-b2\" class=\"kt-row-layout-inner kt-layout-id_35f599-b2\"><div class=\"kt-row-column-wrap kt-has-1-columns kt-gutter-default kt-v-gutter-default kt-row-valign-top kt-row-layout-equal kt-tab-layout-inherit kt-m-colapse-left-to-right kt-mobile-layout-row\"><style>.kadence-column_86a316-f4 > .kt-inside-inner-col{border-top-width:0px;border-right-width:0px;border-bottom-width:0px;border-left-width:0px;}.kadence-column_86a316-f4 > .kt-inside-inner-col,.kadence-column_86a316-f4 > .kt-inside-inner-col:before{border-top-left-radius:0px;border-top-right-radius:0px;border-bottom-right-radius:0px;border-bottom-left-radius:0px;}.kadence-column_86a316-f4 > .kt-inside-inner-col{column-gap:var(--global-kb-gap-sm, 1rem);}.kadence-column_86a316-f4 > .kt-inside-inner-col{flex-direction:column;}.kadence-column_86a316-f4 > .kt-inside-inner-col > .aligncenter{width:100%;}.kadence-column_86a316-f4 > .kt-inside-inner-col:before{opacity:0.3;}.kadence-column_86a316-f4{position:relative;}@media all and (max-width: 1024px){.kadence-column_86a316-f4 > .kt-inside-inner-col{flex-direction:column;justify-content:center;}}@media all and (max-width: 767px){.kadence-column_86a316-f4 > .kt-inside-inner-col{flex-direction:column;justify-content:center;}}<\/style>\n<div class=\"wp-block-kadence-column inner-column-1 kadence-column_86a316-f4\"><div class=\"kt-inside-inner-col\"><style>.wp-block-kadence-advancedheading.kt-adv-heading_a6565a-8c, .wp-block-kadence-advancedheading.kt-adv-heading_a6565a-8c[data-kb-block=\"kb-adv-heading_a6565a-8c\"]{font-style:normal;}.wp-block-kadence-advancedheading.kt-adv-heading_a6565a-8c mark.kt-highlight, .wp-block-kadence-advancedheading.kt-adv-heading_a6565a-8c[data-kb-block=\"kb-adv-heading_a6565a-8c\"] mark.kt-highlight{font-style:normal;color:#f76a0c;-webkit-box-decoration-break:clone;box-decoration-break:clone;padding-top:0px;padding-right:0px;padding-bottom:0px;padding-left:0px;}<\/style>\n<h2 class=\"kt-adv-heading_a6565a-8c wp-block-kadence-advancedheading\" data-kb-block=\"kb-adv-heading_a6565a-8c\">Tipologie di biglietto: intero, ridotto, gratuito<\/h2>\n\n\n\n<p>Si prega di esaminare attentamente i requisiti mostrati nelle pagine dei singoli prodotti per assicurarsi che voi oi membri del vostro gruppo possiate effettivamente beneficiare di eventuali sconti. Il giorno della visita, qualsiasi errore potrebbe richiedere di effettuare un nuovo acquisto (corretto).<\/p>\n\n\n\n<p>I biglietti offerti a prezzo ridotto non sono offerte speciali e non possono essere acquistati da cittadini extracomunitari, inclusi studenti, anziani o bambini. I cittadini extracomunitari di solito hanno a disposizione un solo tipo di biglietto, quello contrassegnato come &quot;prezzo intero&quot;, anche se alcune citt\u00e0 ora offrono biglietti scontati ai giovani, indipendentemente dalla nazionalit\u00e0, anche in questo caso dovrai controllare i singoli prodotti per scoprirlo ci\u00f2 che \u00e8 disponibile.<\/p>\n\n\n\n<p><strong>Esistono due tipi di biglietti sovvenzionati UE: &quot;UE ridotto&quot; e &quot;UE gratuito&quot;, definiti come segue:<\/strong><\/p>\n\n\n\n<p>I biglietti per eventi &quot;UE ridotti&quot; sono generalmente disponibili per i cittadini dell&#039;Unione europea di et\u00e0 compresa tra 18 e 25 anni. I biglietti per eventi &quot;UE gratuiti&quot; sono generalmente disponibili per i cittadini dell&#039;Unione europea di et\u00e0 compresa tra 6 e 18 anni. Poich\u00e9 siamo agenti di prenotazione autorizzati per i musei statali italiani, siamo tenuti ad addebitare costi di servizio per entrambe le tipologie di biglietti.<\/p>\n\n\n\n<p>Inoltre, l&#039;et\u00e0 alla quale i bambini hanno diritto all&#039;ingresso &quot;gratuito&quot; varia da un luogo all&#039;altro. \u00c8 anche importante notare che le autorit\u00e0 potrebbero aver bisogno di sapere in anticipo se hai bambini &quot;liberi&quot; nel tuo gruppo, cos\u00ec come i loro nomi.<\/p>\n\n\n\n<p>Anche se vorremmo che fosse pi\u00f9 semplice, \u00e8 importante verificare i requisiti per ogni sede che intendi visitare prima di confermare un ordine. Un ordine di biglietto che \u00e8 stato prenotato per errore pu\u00f2 essere modificato. Tuttavia, anche in questo caso, a volte le autorit\u00e0 ci addebitano il privilegio di apportare modifiche a un ordine esistente e dovremmo addebitare questo costo ai nostri clienti.<\/p>\n<\/div><\/div>\n<\/div><\/div><\/div>\n<\/div><\/div>","protected":false},"excerpt":{"rendered":"<p>Ticket types Ticket types &#8211; full price, reduced price, free of charge Please carefully review the requirements as shown on individual product pages to ensure that you, or your group members, genuinely qualify for any discounts. The day of the visit, any mistake may require you to make a new (correct) purchase. Tickets offered at&#8230;<\/p>","protected":false},"author":1,"featured_media":0,"parent":0,"menu_order":0,"comment_status":"closed","ping_status":"closed","template":"","meta":{"_kad_blocks_custom_css":"","_kad_blocks_head_custom_js":"","_kad_blocks_body_custom_js":"","_kad_blocks_footer_custom_js":"","_kadence_starter_templates_imported_post":false,"_kad_post_transparent":"disable","_kad_post_title":"hide","_kad_post_layout":"normal","_kad_post_sidebar_id":"","_kad_post_content_style":"unboxed","_kad_post_vertical_padding":"hide","_kad_post_feature":"hide","_kad_post_feature_position":"","_kad_post_header":false,"_kad_post_footer":false,"_joinchat":[],"footnotes":""},"class_list":["post-1524","page","type-page","status-publish","hentry"],"featured_image_src_large":false,"author_info":{"display_name":"Accademia David Tickets","author_link":"https:\/\/accademiadavidtickets.com\/it\/author\/g-dhanushka123gmail-com\/"},"comment_info":0,"taxonomy_info":[],"_links":{"self":[{"href":"https:\/\/accademiadavidtickets.com\/it\/wp-json\/wp\/v2\/pages\/1524","targetHints":{"allow":["GET"]}}],"collection":[{"href":"https:\/\/accademiadavidtickets.com\/it\/wp-json\/wp\/v2\/pages"}],"about":[{"href":"https:\/\/accademiadavidtickets.com\/it\/wp-json\/wp\/v2\/types\/page"}],"author":[{"embeddable":true,"href":"https:\/\/accademiadavidtickets.com\/it\/wp-json\/wp\/v2\/users\/1"}],"replies":[{"embeddable":true,"href":"https:\/\/accademiadavidtickets.com\/it\/wp-json\/wp\/v2\/comments?post=1524"}],"version-history":[{"count":0,"href":"https:\/\/accademiadavidtickets.com\/it\/wp-json\/wp\/v2\/pages\/1524\/revisions"}],"wp:attachment":[{"href":"https:\/\/accademiadavidtickets.com\/it\/wp-json\/wp\/v2\/media?parent=1524"}],"curies":[{"name":"wp","href":"https:\/\/api.w.org\/{rel}","templated":true}]}}