{"id":1520,"date":"2022-09-28T20:07:32","date_gmt":"2022-09-28T20:07:32","guid":{"rendered":"http:\/\/accademiadavidtickets.com\/?page_id=1520"},"modified":"2022-10-09T20:38:06","modified_gmt":"2022-10-09T20:38:06","slug":"how-it-works","status":"publish","type":"page","link":"https:\/\/accademiadavidtickets.com\/it\/how-it-works\/","title":{"rendered":"Come funziona"},"content":{"rendered":"<style>.kadence-column_c9fb40-50 > .kt-inside-inner-col{border-top-width:0px;border-right-width:0px;border-bottom-width:0px;border-left-width:0px;}.kadence-column_c9fb40-50 > .kt-inside-inner-col,.kadence-column_c9fb40-50 > .kt-inside-inner-col:before{border-top-left-radius:0px;border-top-right-radius:0px;border-bottom-right-radius:0px;border-bottom-left-radius:0px;}.kadence-column_c9fb40-50 > .kt-inside-inner-col{column-gap:var(--global-kb-gap-sm, 1rem);}.kadence-column_c9fb40-50 > .kt-inside-inner-col{flex-direction:column;}.kadence-column_c9fb40-50 > .kt-inside-inner-col > .aligncenter{width:100%;}.kadence-column_c9fb40-50 > .kt-inside-inner-col:before{opacity:0.3;}.kadence-column_c9fb40-50{position:relative;}@media all and (max-width: 1024px){.kadence-column_c9fb40-50 > .kt-inside-inner-col{flex-direction:column;justify-content:center;}}@media all and (max-width: 767px){.kadence-column_c9fb40-50 > .kt-inside-inner-col{flex-direction:column;justify-content:center;}}<\/style>\n<div class=\"wp-block-kadence-column inner-column-1 kadence-column_c9fb40-50\"><div class=\"kt-inside-inner-col\"><style>#kt-layout-id_918288-2d > .kt-row-column-wrap{align-content:center;}:where(#kt-layout-id_918288-2d > .kt-row-column-wrap) > .wp-block-kadence-column{justify-content:center;}#kt-layout-id_918288-2d > .kt-row-column-wrap{column-gap:var(--global-kb-gap-md, 2rem);row-gap:var(--global-kb-gap-md, 2rem);max-width:1200px;margin-left:auto;margin-right:auto;padding-top:var( --global-kb-row-default-top, 25px );padding-bottom:var( --global-kb-row-default-bottom, 25px );padding-left:0px;min-height:550px;grid-template-columns:minmax(0, 1fr);}#kt-layout-id_918288-2d{background-image:url('http:\/\/accademiadavidtickets.com\/wp-content\/uploads\/2022\/09\/76.jpg');background-size:cover;background-position:center center;background-attachment:scroll;background-repeat:no-repeat;}#kt-layout-id_918288-2d > .kt-row-layout-overlay{opacity:0.30;}@media all and (max-width: 1024px){#kt-layout-id_918288-2d > .kt-row-column-wrap{grid-template-columns:minmax(0, 1fr);}}@media all and (max-width: 767px){#kt-layout-id_918288-2d > .kt-row-column-wrap{grid-template-columns:minmax(0, 1fr);}#kt-layout-id_918288-2d{background-image:url('http:\/\/accademiadavidtickets.com\/wp-content\/uploads\/2022\/10\/117.jpg');background-size:cover;background-position:center center;background-attachment:scroll;background-repeat:no-repeat;}}<\/style>\n<div class=\"wp-block-kadence-rowlayout alignfull\"><div id=\"kt-layout-id_918288-2d\" class=\"kt-row-layout-inner kt-row-has-bg kt-layout-id_918288-2d\"><div class=\"kt-row-column-wrap kt-has-1-columns kt-gutter-default kt-v-gutter-default kt-row-valign-middle kt-row-layout-equal kt-tab-layout-inherit kt-m-colapse-left-to-right kt-mobile-layout-row\"><style>.kadence-column_aed805-9d > .kt-inside-inner-col{border-top-width:0px;border-right-width:0px;border-bottom-width:0px;border-left-width:0px;}.kadence-column_aed805-9d > .kt-inside-inner-col,.kadence-column_aed805-9d > .kt-inside-inner-col:before{border-top-left-radius:0px;border-top-right-radius:0px;border-bottom-right-radius:0px;border-bottom-left-radius:0px;}.kadence-column_aed805-9d > .kt-inside-inner-col{column-gap:var(--global-kb-gap-sm, 1rem);}.kadence-column_aed805-9d > .kt-inside-inner-col{flex-direction:column;}.kadence-column_aed805-9d > .kt-inside-inner-col > .aligncenter{width:100%;}.kadence-column_aed805-9d > .kt-inside-inner-col:before{opacity:0.3;}.kadence-column_aed805-9d{position:relative;}@media all and (max-width: 1024px){.kadence-column_aed805-9d > .kt-inside-inner-col{flex-direction:column;justify-content:center;}}@media all and (max-width: 767px){.kadence-column_aed805-9d > .kt-inside-inner-col{flex-direction:column;justify-content:center;}}<\/style>\n<div class=\"wp-block-kadence-column inner-column-1 kadence-column_aed805-9d\"><div class=\"kt-inside-inner-col\"><style>.wp-block-kadence-advancedheading.kt-adv-heading_558d33-35, .wp-block-kadence-advancedheading.kt-adv-heading_558d33-35[data-kb-block=\"kb-adv-heading_558d33-35\"]{padding-left:0px;text-align:left;font-style:normal;text-shadow:5px 1px 5px rgba(0, 0, 0, 0.2);}.wp-block-kadence-advancedheading.kt-adv-heading_558d33-35 mark.kt-highlight, .wp-block-kadence-advancedheading.kt-adv-heading_558d33-35[data-kb-block=\"kb-adv-heading_558d33-35\"] mark.kt-highlight{font-style:normal;color:#f76a0c;-webkit-box-decoration-break:clone;box-decoration-break:clone;padding-top:0px;padding-right:0px;padding-bottom:0px;padding-left:0px;}@media all and (max-width: 1024px){.wp-block-kadence-advancedheading.kt-adv-heading_558d33-35, .wp-block-kadence-advancedheading.kt-adv-heading_558d33-35[data-kb-block=\"kb-adv-heading_558d33-35\"]{text-shadow:5px 1px 5px rgba(0, 0, 0, 0.2);}}@media all and (max-width: 767px){.wp-block-kadence-advancedheading.kt-adv-heading_558d33-35, .wp-block-kadence-advancedheading.kt-adv-heading_558d33-35[data-kb-block=\"kb-adv-heading_558d33-35\"]{text-shadow:5px 1px 5px rgba(0, 0, 0, 0.2);}}<\/style>\n<h1 class=\"kt-adv-heading_558d33-35 wp-block-kadence-advancedheading has-theme-palette-9-color has-text-color\" data-kb-block=\"kb-adv-heading_558d33-35\">Come funziona<\/h1>\n<\/div><\/div>\n<\/div><\/div><\/div>\n\n\n<style>#kt-layout-id_515943-7e > .kt-row-column-wrap{align-content:start;}:where(#kt-layout-id_515943-7e > .kt-row-column-wrap) > .wp-block-kadence-column{justify-content:start;}#kt-layout-id_515943-7e > .kt-row-column-wrap{column-gap:var(--global-kb-gap-md, 2rem);row-gap:var(--global-kb-gap-md, 2rem);padding-top:var( --global-kb-row-default-top, 25px );padding-bottom:var( --global-kb-row-default-bottom, 25px );padding-top:50px;padding-bottom:50px;grid-template-columns:minmax(0, 1fr);}#kt-layout-id_515943-7e > .kt-row-layout-overlay{opacity:0.30;}@media all and (max-width: 1024px){#kt-layout-id_515943-7e > .kt-row-column-wrap{grid-template-columns:minmax(0, 1fr);}}@media all and (max-width: 767px){#kt-layout-id_515943-7e > .kt-row-column-wrap{grid-template-columns:minmax(0, 1fr);}}<\/style>\n<div class=\"wp-block-kadence-rowlayout alignnone\"><div id=\"kt-layout-id_515943-7e\" class=\"kt-row-layout-inner kt-layout-id_515943-7e\"><div class=\"kt-row-column-wrap kt-has-1-columns kt-gutter-default kt-v-gutter-default kt-row-valign-top kt-row-layout-equal kt-tab-layout-inherit kt-m-colapse-left-to-right kt-mobile-layout-row\"><style>.kadence-column_50b38c-04 > .kt-inside-inner-col{border-top-width:0px;border-right-width:0px;border-bottom-width:0px;border-left-width:0px;}.kadence-column_50b38c-04 > .kt-inside-inner-col,.kadence-column_50b38c-04 > .kt-inside-inner-col:before{border-top-left-radius:0px;border-top-right-radius:0px;border-bottom-right-radius:0px;border-bottom-left-radius:0px;}.kadence-column_50b38c-04 > .kt-inside-inner-col{column-gap:var(--global-kb-gap-sm, 1rem);}.kadence-column_50b38c-04 > .kt-inside-inner-col{flex-direction:column;}.kadence-column_50b38c-04 > .kt-inside-inner-col > .aligncenter{width:100%;}.kadence-column_50b38c-04 > .kt-inside-inner-col:before{opacity:0.3;}.kadence-column_50b38c-04{position:relative;}@media all and (max-width: 1024px){.kadence-column_50b38c-04 > .kt-inside-inner-col{flex-direction:column;justify-content:center;}}@media all and (max-width: 767px){.kadence-column_50b38c-04 > .kt-inside-inner-col{flex-direction:column;justify-content:center;}}<\/style>\n<div class=\"wp-block-kadence-column inner-column-1 kadence-column_50b38c-04\"><div class=\"kt-inside-inner-col\"><style>.wp-block-kadence-advancedheading.kt-adv-heading_d87e0b-bd, .wp-block-kadence-advancedheading.kt-adv-heading_d87e0b-bd[data-kb-block=\"kb-adv-heading_d87e0b-bd\"]{font-style:normal;}.wp-block-kadence-advancedheading.kt-adv-heading_d87e0b-bd mark.kt-highlight, .wp-block-kadence-advancedheading.kt-adv-heading_d87e0b-bd[data-kb-block=\"kb-adv-heading_d87e0b-bd\"] mark.kt-highlight{font-style:normal;color:#f76a0c;-webkit-box-decoration-break:clone;box-decoration-break:clone;padding-top:0px;padding-right:0px;padding-bottom:0px;padding-left:0px;}<\/style>\n<h2 class=\"kt-adv-heading_d87e0b-bd wp-block-kadence-advancedheading\" data-kb-block=\"kb-adv-heading_d87e0b-bd\">Qual \u00e8 la procedura, come ottengo i miei biglietti?<\/h2>\n\n\n\n<p>Academiadevidtickets.com in genere conferma i biglietti o i tour in pochi minuti, 24 ore al giorno:<\/p>\n\n\n\n<p>accademiadavidtickets.com \u00e8 un agente di prenotazione autorizzato per la prenotazione di biglietti per musei statali italiani e destinazioni popolari in tutta Italia. Per molti di questi, la prenotazione \u00e8 obbligatoria, per quelli dove non lo \u00e8, potresti dover affrontare lunghe, lunghe code. Ad esempio, quando visiti la Galleria degli Uffizi a Firenze, calcola un&#039;ora o due in coda, e non \u00e8 raro che le persone facciano la fila per tre o quattro ore!<\/p>\n\n\n\n<p>Che senso ha rischiare tutto questo? Se hai diverse ore per girovagare per la citt\u00e0, perch\u00e9 sprecare un po&#039; di quel tempo in fila?<\/p>\n\n\n<style>.wp-block-kadence-advancedheading.kt-adv-heading_a4b3a0-d9, .wp-block-kadence-advancedheading.kt-adv-heading_a4b3a0-d9[data-kb-block=\"kb-adv-heading_a4b3a0-d9\"]{font-style:normal;}.wp-block-kadence-advancedheading.kt-adv-heading_a4b3a0-d9 mark.kt-highlight, .wp-block-kadence-advancedheading.kt-adv-heading_a4b3a0-d9[data-kb-block=\"kb-adv-heading_a4b3a0-d9\"] mark.kt-highlight{font-style:normal;color:#f76a0c;-webkit-box-decoration-break:clone;box-decoration-break:clone;padding-top:0px;padding-right:0px;padding-bottom:0px;padding-left:0px;}<\/style>\n<h2 class=\"kt-adv-heading_a4b3a0-d9 wp-block-kadence-advancedheading\" data-kb-block=\"kb-adv-heading_a4b3a0-d9\">Cosa devo fare?<\/h2>\n\n\n\n<p>Compila il nostro modulo di prenotazione, indica la tua prima - e talvolta seconda - preferenza per la data e l&#039;ora (le date sono nel formato europeo giorno-mese-anno) e forniscici i dati della tua carta di credito. <\/p>\n\n\n\n<p>Ecco una pagina che delinea tipici <strong><a href=\"http:\/\/accademiadavidtickets.com\/it\/why-us\/\" target=\"_blank\" data-type=\"page\" data-id=\"2120\" rel=\"noreferrer noopener\">costi e i vantaggi di bookin<\/a><\/strong>g con noi.<\/p>\n\n\n\n<p>Dopo aver effettuato l&#039;ordine, riceverai i dettagli di accesso per una pagina sicura di &quot;stato dell&#039;ordine&quot;. Da l\u00ec, potrai stampare o scaricare i tuoi voucher una volta confermata la disponibilit\u00e0. Puoi stampare il tuo voucher o sono accettati anche gli E-voucher. Portalo con te in sede, e presentalo in biglietteria\u2026 sar\u00e0 scambiato con il tuo biglietto d&#039;ingresso. \u00c8 cos\u00ec semplice!<\/p>\n\n\n\n<p>Il processo di prenotazione viene condotto su un server sicuro e i pagamenti sono gestiti da Stripe Secure Online Payments. Ti consigliamo di prenotare il pi\u00f9 in anticipo possibile (almeno 20 giorni) e di fornirci date\/orari alternativi nel caso in cui la tua prima preferenza non fosse disponibile. Se prenoti con largo anticipo, in genere dovrebbe essere possibile utilizzare la tua prima preferenza.<\/p>\n\n\n<style>.wp-block-kadence-advancedheading.kt-adv-heading_aea724-19, .wp-block-kadence-advancedheading.kt-adv-heading_aea724-19[data-kb-block=\"kb-adv-heading_aea724-19\"]{font-style:normal;}.wp-block-kadence-advancedheading.kt-adv-heading_aea724-19 mark.kt-highlight, .wp-block-kadence-advancedheading.kt-adv-heading_aea724-19[data-kb-block=\"kb-adv-heading_aea724-19\"] mark.kt-highlight{font-style:normal;color:#f76a0c;-webkit-box-decoration-break:clone;box-decoration-break:clone;padding-top:0px;padding-right:0px;padding-bottom:0px;padding-left:0px;}<\/style>\n<h2 class=\"kt-adv-heading_aea724-19 wp-block-kadence-advancedheading\" data-kb-block=\"kb-adv-heading_aea724-19\">Stripe e pagamenti con carta<\/h2>\n\n\n\n<p>Fino a quando non confermiamo la tua prenotazione, non ti verr\u00e0 addebitato nulla. Tuttavia, alcune banche potrebbero mostrare un addebito quando, in realt\u00e0, \u00e8 solo una trattenuta sulla tua carta.<\/p>\n\n\n\n<p>A titolo di spiegazione, quando inserisci i dettagli della tua carta di credito durante il checkout, Stripe controlla le informazioni e preautorizza il tuo pagamento, che di fatto trattiene l&#039;importo. Non appena l&#039;ordine viene confermato, addebitiamo\/addebitiamo l&#039;importo dell&#039;ordine confermato. Se l&#039;ordine non viene approvato, la &quot;sospensione&quot; viene rilasciata.<\/p>\n\n\n\n<p>Con alcune carte\/banche, abbiamo visto che l&#039;importo &quot;trattenuto&quot; viene effettivamente visualizzato come addebito per errore. Quello che dovrebbe accadere, che \u00e8 standard con Stripe, \u00e8 che l&#039;importo della sospensione \u00e8 invisibile, mostrando come addebito solo quando la transazione viene &quot;catturata&quot; (confermata da noi).<\/p>\n\n\n<style>.wp-block-kadence-advancedheading.kt-adv-heading_2113d8-72, .wp-block-kadence-advancedheading.kt-adv-heading_2113d8-72[data-kb-block=\"kb-adv-heading_2113d8-72\"]{font-style:normal;}.wp-block-kadence-advancedheading.kt-adv-heading_2113d8-72 mark.kt-highlight, .wp-block-kadence-advancedheading.kt-adv-heading_2113d8-72[data-kb-block=\"kb-adv-heading_2113d8-72\"] mark.kt-highlight{font-style:normal;color:#f76a0c;-webkit-box-decoration-break:clone;box-decoration-break:clone;padding-top:0px;padding-right:0px;padding-bottom:0px;padding-left:0px;}<\/style>\n<h2 class=\"kt-adv-heading_2113d8-72 wp-block-kadence-advancedheading\" data-kb-block=\"kb-adv-heading_2113d8-72\">Cosa succede allora?<\/h2>\n\n\n\n<p>Generalmente elaboriamo i ticket di &quot;conferma rapida&quot; entro 10 minuti, 24 ore al giorno. Normalmente, ti contatteremo entro 24 ore dall&#039;ordine di altri prodotti che richiedono una conferma locale. Il luned\u00ec i nostri uffici sono chiusi, ma siamo comunque in grado di rispondere alle e-mail ed elaborare gli ordini: abbiamo personale online 24 ore su 24 e possiamo confermare i tour con breve preavviso.<\/p>\n\n\n\n<p>I voucher ti verranno inviati via e-mail quando saranno pronti per la stampa: molti dei nostri biglietti e tour sono ora perfettamente validi come biglietti elettronici e ti verr\u00e0 comunicato quando e se dovrai stamparli durante il processo di ordinazione; puoi anche controllare lo stato del tuo ordine in qualsiasi momento per vedere se \u00e8 pronto per la stampa.<\/p>\n\n\n\n<p>Se ci\u00f2 non accade, si prega di contattare <strong>help@accademiadavidtickets.com<\/strong>. Ecco il nostro generale <a href=\"http:\/\/accademiadavidtickets.com\/it\/contact-us\/\" target=\"_blank\" data-type=\"page\" data-id=\"496\" rel=\"noreferrer noopener\">pagina dei contatti<\/a>, e abbiamo a <a href=\"http:\/\/accademiadavidtickets.com\/it\/waiting-times\/\" target=\"_blank\" data-type=\"page\" data-id=\"1522\" rel=\"noreferrer noopener\">pagina con tutte le informazioni<\/a> di cui hai bisogno sulla procedura del voucher e con quanto anticipo puoi prenotare.<\/p>\n\n\n<style>.wp-block-kadence-advancedheading.kt-adv-heading_cfc288-4d, .wp-block-kadence-advancedheading.kt-adv-heading_cfc288-4d[data-kb-block=\"kb-adv-heading_cfc288-4d\"]{font-style:normal;}.wp-block-kadence-advancedheading.kt-adv-heading_cfc288-4d mark.kt-highlight, .wp-block-kadence-advancedheading.kt-adv-heading_cfc288-4d[data-kb-block=\"kb-adv-heading_cfc288-4d\"] mark.kt-highlight{font-style:normal;color:#f76a0c;-webkit-box-decoration-break:clone;box-decoration-break:clone;padding-top:0px;padding-right:0px;padding-bottom:0px;padding-left:0px;}<\/style>\n<h2 class=\"kt-adv-heading_cfc288-4d wp-block-kadence-advancedheading\" data-kb-block=\"kb-adv-heading_cfc288-4d\">\u00c8 importante notare quanto segue:<\/h2>\n\n\n\n<p>L&#039;ammissione non sar\u00e0 concessa se non si arriva alla sede all&#039;ora specificata sul voucher di prenotazione. Si prega di consentire almeno un paio d&#039;ore tra la visita dell&#039;Accademia e degli Uffizi se si prevede di visitarli entrambi nello stesso giorno.<\/p>\n\n\n\n<p>Inoltre, si prega di essere pronti a mostrare una qualche forma di identificazione. A volte pu\u00f2 essere difficile per i funzionari italiani comprendere che non tutti i paesi richiedono ai propri cittadini di portare con s\u00e9 carte d&#039;identit\u00e0, anche se vengono rilasciate l\u00ec. Ti accorgerai spesso che non sar\u00e0 sufficiente altro che il passaporto o la patente di guida (con fotografia). I biglietti possono essere acquistati senza problemi, senza incertezze e senza perdite di tempo. <\/p>\n\n\n\n<p>Ci sono anche informazioni sulla nostra politica di cancellazione in questa pagina.<\/p>\n\n\n<style>.wp-block-kadence-advancedheading.kt-adv-heading_b4bf3a-80, .wp-block-kadence-advancedheading.kt-adv-heading_b4bf3a-80[data-kb-block=\"kb-adv-heading_b4bf3a-80\"]{font-style:normal;}.wp-block-kadence-advancedheading.kt-adv-heading_b4bf3a-80 mark.kt-highlight, .wp-block-kadence-advancedheading.kt-adv-heading_b4bf3a-80[data-kb-block=\"kb-adv-heading_b4bf3a-80\"] mark.kt-highlight{font-style:normal;color:#f76a0c;-webkit-box-decoration-break:clone;box-decoration-break:clone;padding-top:0px;padding-right:0px;padding-bottom:0px;padding-left:0px;}<\/style>\n<h2 class=\"kt-adv-heading_b4bf3a-80 wp-block-kadence-advancedheading\" data-kb-block=\"kb-adv-heading_b4bf3a-80\">Politica di cancellazione e rimborso<\/h2>\n\n\n\n<p>Quando compili il modulo di prenotazione, fai attenzione: una volta che il modulo \u00e8 stato inviato, non \u00e8 possibile effettuare rimborsi, quindi assicurati di aver inserito le date corrette e di aver fornito un indirizzo email valido. Siamo chiusi il luned\u00ec e nelle principali festivit\u00e0 nazionali. Al rientro al lavoro, risponderemo il prima possibile. Dovresti presumere che se non ricevi nostre notizie entro tre giorni lavorativi, o abbiamo un indirizzo e-mail errato o il tuo ISP\/Server sta bloccando la nostra risposta. Se non ricevete nostre notizie entro tre giorni lavorativi, vi preghiamo di contattarci nuovamente.<\/p>\n\n\n\n<p>Il tuo ordine viene processato attraverso un Server Sicuro, ma l&#039;addebito sulla tua carta non \u00e8 immediato. Riceverai una notifica solo quando la galleria o le gallerie confermeranno una prenotazione e un addebito verr\u00e0 effettuato sulla tua carta di credito da Florence Specialist for Small Group Tours SRLS., la societ\u00e0 madre di accademiadavidtickets.com. <\/p>\n\n\n\n<p>In questa pagina \u00e8 possibile visualizzare l&#039;intero <a href=\"http:\/\/accademiadavidtickets.com\/it\/terms-conditions\/\" target=\"_blank\" data-type=\"page\" data-id=\"1507\" rel=\"noreferrer noopener\">Termini e Condizioni<\/a>.<\/p>\n<\/div><\/div>\n<\/div><\/div><\/div>\n<\/div><\/div>","protected":false},"excerpt":{"rendered":"<p>How it works What is the process, how do I get my tickets? Academiadevidtickets.com typically confirms tickets or tours within minutes, 24 hours a day: accademiadavidtickets.com is a licensed reservation agent for ticket booking for Italian state museums and popular destinations across Italy. For many of these, reservation is compulsory &#8211; for those where it&#8230;<\/p>","protected":false},"author":1,"featured_media":0,"parent":0,"menu_order":0,"comment_status":"closed","ping_status":"closed","template":"","meta":{"_kad_blocks_custom_css":"","_kad_blocks_head_custom_js":"","_kad_blocks_body_custom_js":"","_kad_blocks_footer_custom_js":"","_kadence_starter_templates_imported_post":false,"_kad_post_transparent":"disable","_kad_post_title":"hide","_kad_post_layout":"normal","_kad_post_sidebar_id":"","_kad_post_content_style":"unboxed","_kad_post_vertical_padding":"hide","_kad_post_feature":"hide","_kad_post_feature_position":"","_kad_post_header":false,"_kad_post_footer":false,"_joinchat":[],"footnotes":""},"class_list":["post-1520","page","type-page","status-publish","hentry"],"featured_image_src_large":false,"author_info":{"display_name":"Accademia David Tickets","author_link":"https:\/\/accademiadavidtickets.com\/it\/author\/g-dhanushka123gmail-com\/"},"comment_info":0,"taxonomy_info":[],"_links":{"self":[{"href":"https:\/\/accademiadavidtickets.com\/it\/wp-json\/wp\/v2\/pages\/1520","targetHints":{"allow":["GET"]}}],"collection":[{"href":"https:\/\/accademiadavidtickets.com\/it\/wp-json\/wp\/v2\/pages"}],"about":[{"href":"https:\/\/accademiadavidtickets.com\/it\/wp-json\/wp\/v2\/types\/page"}],"author":[{"embeddable":true,"href":"https:\/\/accademiadavidtickets.com\/it\/wp-json\/wp\/v2\/users\/1"}],"replies":[{"embeddable":true,"href":"https:\/\/accademiadavidtickets.com\/it\/wp-json\/wp\/v2\/comments?post=1520"}],"version-history":[{"count":0,"href":"https:\/\/accademiadavidtickets.com\/it\/wp-json\/wp\/v2\/pages\/1520\/revisions"}],"wp:attachment":[{"href":"https:\/\/accademiadavidtickets.com\/it\/wp-json\/wp\/v2\/media?parent=1520"}],"curies":[{"name":"wp","href":"https:\/\/api.w.org\/{rel}","templated":true}]}}