{"id":1507,"date":"2022-09-28T19:54:56","date_gmt":"2022-09-28T19:54:56","guid":{"rendered":"http:\/\/accademiadavidtickets.com\/?page_id=1507"},"modified":"2022-10-09T20:39:17","modified_gmt":"2022-10-09T20:39:17","slug":"terms-conditions","status":"publish","type":"page","link":"https:\/\/accademiadavidtickets.com\/it\/terms-conditions\/","title":{"rendered":"Terms &#038; Conditions"},"content":{"rendered":"<style>.kadence-column_4ee44b-b5 > .kt-inside-inner-col{border-top-width:0px;border-right-width:0px;border-bottom-width:0px;border-left-width:0px;}.kadence-column_4ee44b-b5 > .kt-inside-inner-col,.kadence-column_4ee44b-b5 > .kt-inside-inner-col:before{border-top-left-radius:0px;border-top-right-radius:0px;border-bottom-right-radius:0px;border-bottom-left-radius:0px;}.kadence-column_4ee44b-b5 > .kt-inside-inner-col{column-gap:var(--global-kb-gap-sm, 1rem);}.kadence-column_4ee44b-b5 > .kt-inside-inner-col{flex-direction:column;}.kadence-column_4ee44b-b5 > .kt-inside-inner-col > .aligncenter{width:100%;}.kadence-column_4ee44b-b5 > .kt-inside-inner-col:before{opacity:0.3;}.kadence-column_4ee44b-b5{position:relative;}@media all and (max-width: 1024px){.kadence-column_4ee44b-b5 > .kt-inside-inner-col{flex-direction:column;justify-content:center;}}@media all and (max-width: 767px){.kadence-column_4ee44b-b5 > .kt-inside-inner-col{flex-direction:column;justify-content:center;}}<\/style>\n<div class=\"wp-block-kadence-column inner-column-1 kadence-column_4ee44b-b5\"><div class=\"kt-inside-inner-col\"><style>#kt-layout-id_7db4ee-2d > .kt-row-column-wrap{align-content:center;}:where(#kt-layout-id_7db4ee-2d > .kt-row-column-wrap) > .wp-block-kadence-column{justify-content:center;}#kt-layout-id_7db4ee-2d > .kt-row-column-wrap{column-gap:var(--global-kb-gap-md, 2rem);row-gap:var(--global-kb-gap-md, 2rem);max-width:1200px;margin-left:auto;margin-right:auto;padding-top:var( --global-kb-row-default-top, 25px );padding-bottom:var( --global-kb-row-default-bottom, 25px );padding-left:0px;min-height:400px;grid-template-columns:minmax(0, 1fr);}#kt-layout-id_7db4ee-2d{background-image:url('http:\/\/accademiadavidtickets.com\/wp-content\/uploads\/2022\/09\/75.jpg');background-size:cover;background-position:center center;background-attachment:scroll;background-repeat:no-repeat;}#kt-layout-id_7db4ee-2d > .kt-row-layout-overlay{opacity:0.30;}@media all and (max-width: 1024px){#kt-layout-id_7db4ee-2d > .kt-row-column-wrap{grid-template-columns:minmax(0, 1fr);}}@media all and (max-width: 767px){#kt-layout-id_7db4ee-2d > .kt-row-column-wrap{grid-template-columns:minmax(0, 1fr);}}<\/style>\n<div class=\"wp-block-kadence-rowlayout alignfull\"><div id=\"kt-layout-id_7db4ee-2d\" class=\"kt-row-layout-inner kt-row-has-bg kt-layout-id_7db4ee-2d\"><div class=\"kt-row-column-wrap kt-has-1-columns kt-gutter-default kt-v-gutter-default kt-row-valign-middle kt-row-layout-equal kt-tab-layout-inherit kt-m-colapse-left-to-right kt-mobile-layout-row\"><style>.kadence-column_ec79e2-b1 > .kt-inside-inner-col{border-top-width:0px;border-right-width:0px;border-bottom-width:0px;border-left-width:0px;}.kadence-column_ec79e2-b1 > .kt-inside-inner-col,.kadence-column_ec79e2-b1 > .kt-inside-inner-col:before{border-top-left-radius:0px;border-top-right-radius:0px;border-bottom-right-radius:0px;border-bottom-left-radius:0px;}.kadence-column_ec79e2-b1 > .kt-inside-inner-col{column-gap:var(--global-kb-gap-sm, 1rem);}.kadence-column_ec79e2-b1 > .kt-inside-inner-col{flex-direction:column;}.kadence-column_ec79e2-b1 > .kt-inside-inner-col > .aligncenter{width:100%;}.kadence-column_ec79e2-b1 > .kt-inside-inner-col:before{opacity:0.3;}.kadence-column_ec79e2-b1{position:relative;}@media all and (max-width: 1024px){.kadence-column_ec79e2-b1 > .kt-inside-inner-col{flex-direction:column;justify-content:center;}}@media all and (max-width: 767px){.kadence-column_ec79e2-b1 > .kt-inside-inner-col{flex-direction:column;justify-content:center;}}<\/style>\n<div class=\"wp-block-kadence-column inner-column-1 kadence-column_ec79e2-b1\"><div class=\"kt-inside-inner-col\"><style>.wp-block-kadence-advancedheading.kt-adv-heading_c196bc-5b, .wp-block-kadence-advancedheading.kt-adv-heading_c196bc-5b[data-kb-block=\"kb-adv-heading_c196bc-5b\"]{font-style:normal;text-shadow:5px 1px 5px rgba(0, 0, 0, 0.2);}.wp-block-kadence-advancedheading.kt-adv-heading_c196bc-5b mark.kt-highlight, .wp-block-kadence-advancedheading.kt-adv-heading_c196bc-5b[data-kb-block=\"kb-adv-heading_c196bc-5b\"] mark.kt-highlight{font-style:normal;color:#f76a0c;-webkit-box-decoration-break:clone;box-decoration-break:clone;padding-top:0px;padding-right:0px;padding-bottom:0px;padding-left:0px;}@media all and (max-width: 1024px){.wp-block-kadence-advancedheading.kt-adv-heading_c196bc-5b, .wp-block-kadence-advancedheading.kt-adv-heading_c196bc-5b[data-kb-block=\"kb-adv-heading_c196bc-5b\"]{text-shadow:5px 1px 5px rgba(0, 0, 0, 0.2);}}@media all and (max-width: 767px){.wp-block-kadence-advancedheading.kt-adv-heading_c196bc-5b, .wp-block-kadence-advancedheading.kt-adv-heading_c196bc-5b[data-kb-block=\"kb-adv-heading_c196bc-5b\"]{text-shadow:5px 1px 5px rgba(0, 0, 0, 0.2);}}<\/style>\n<h1 class=\"kt-adv-heading_c196bc-5b wp-block-kadence-advancedheading has-theme-palette-9-color has-text-color\" data-kb-block=\"kb-adv-heading_c196bc-5b\">Termini &amp; Condizioni<\/h1>\n<\/div><\/div>\n<\/div><\/div><\/div>\n<\/div><\/div>\n\n\n<style>#kt-layout-id_cc2a2d-31 > .kt-row-column-wrap{align-content:start;}:where(#kt-layout-id_cc2a2d-31 > .kt-row-column-wrap) > .wp-block-kadence-column{justify-content:start;}#kt-layout-id_cc2a2d-31 > .kt-row-column-wrap{column-gap:var(--global-kb-gap-md, 2rem);row-gap:var(--global-kb-gap-md, 2rem);padding-top:var( --global-kb-row-default-top, 25px );padding-bottom:var( --global-kb-row-default-bottom, 25px );padding-top:50px;padding-bottom:50px;grid-template-columns:minmax(0, 1fr);}#kt-layout-id_cc2a2d-31 > .kt-row-layout-overlay{opacity:0.30;}@media all and (max-width: 1024px){#kt-layout-id_cc2a2d-31 > .kt-row-column-wrap{grid-template-columns:minmax(0, 1fr);}}@media all and (max-width: 767px){#kt-layout-id_cc2a2d-31 > .kt-row-column-wrap{grid-template-columns:minmax(0, 1fr);}}<\/style>\n<div class=\"wp-block-kadence-rowlayout alignnone\"><div id=\"kt-layout-id_cc2a2d-31\" class=\"kt-row-layout-inner kt-layout-id_cc2a2d-31\"><div class=\"kt-row-column-wrap kt-has-1-columns kt-gutter-default kt-v-gutter-default kt-row-valign-top kt-row-layout-equal kt-tab-layout-inherit kt-m-colapse-left-to-right kt-mobile-layout-row\"><style>.kadence-column_b58736-06 > .kt-inside-inner-col{border-top-width:0px;border-right-width:0px;border-bottom-width:0px;border-left-width:0px;}.kadence-column_b58736-06 > .kt-inside-inner-col,.kadence-column_b58736-06 > .kt-inside-inner-col:before{border-top-left-radius:0px;border-top-right-radius:0px;border-bottom-right-radius:0px;border-bottom-left-radius:0px;}.kadence-column_b58736-06 > .kt-inside-inner-col{column-gap:var(--global-kb-gap-sm, 1rem);}.kadence-column_b58736-06 > .kt-inside-inner-col{flex-direction:column;}.kadence-column_b58736-06 > .kt-inside-inner-col > .aligncenter{width:100%;}.kadence-column_b58736-06 > .kt-inside-inner-col:before{opacity:0.3;}.kadence-column_b58736-06{position:relative;}@media all and (max-width: 1024px){.kadence-column_b58736-06 > .kt-inside-inner-col{flex-direction:column;justify-content:center;}}@media all and (max-width: 767px){.kadence-column_b58736-06 > .kt-inside-inner-col{flex-direction:column;justify-content:center;}}<\/style>\n<div class=\"wp-block-kadence-column inner-column-1 kadence-column_b58736-06\"><div class=\"kt-inside-inner-col\">\n<p>Inviando il modulo di prenotazione, accetti le seguenti condizioni:<\/p>\n\n\n\n<p>1. Una volta inviato il modulo, comprendo che non sono possibili rimborsi.<\/p>\n\n\n\n<p>2. Prendo atto che Florence Specialist for Small Group Tours Srls. (la societ\u00e0 madre di Accademiadavidtickets.com) utilizzer\u00e0 l&#039;indirizzo e-mail che fornisco nel modulo per inviarmi conferma e dettagli della mia prenotazione. Accetto che non siano possibili rimborsi se il suddetto indirizzo e-mail non \u00e8 corretto o non funziona.<\/p>\n\n\n\n<p>3. \u00c8 mia responsabilit\u00e0 contattare Florence Specialist for Small Group Tours Srls. Entro tre giorni lavorativi dall&#039;invio del modulo, non avrei dovuto ricevere alcuna risposta?<\/p>\n\n\n\n<p>4. Accetto che non sia responsabilit\u00e0 di Florence Specialist for Small Group Tours Srls. per garantire che l&#039;indirizzo e-mail che ho inserito nel modulo di prenotazione funzioni correttamente, n\u00e9 per assicurarmi di aver ricevuto personalmente la loro risposta all&#039;indirizzo da me fornito.<\/p>\n\n\n\n<p>5. Accetto che Florence Specialist for Small Group Tours Srls non si assume alcuna responsabilit\u00e0 e non risponde per eventuali disservizi o problemi di accesso derivanti da scioperi o assenza di personale presso qualsiasi Museo Statale Italiano. Inoltre, comprendo che le autorit\u00e0 competenti possono occasionalmente offrire promozioni speciali, periodi di ingresso gratuiti e simili; qualora tali offerte coincidano con eventuali prenotazioni effettuate tramite questo sito, siamo spiacenti di non essere in grado di ottenere un rimborso per tuo conto, n\u00e9 lo stesso Florence Specialist for Small Group Tours Srls \u00e8 obbligato a offrire alcun rimborso.<\/p>\n\n\n\n<p>6. Accetto che una volta confermata la mia richiesta d&#039;ordine, nessun rimborso sar\u00e0 possibile da quel momento in poi. Questa posizione ci viene imposta dalle varie autorit\u00e0 locali, regionali e nazionali, poich\u00e9 non offrono alcun rimborso una volta che abbiamo effettuato un ordine e non possono offrirti un rimborso.<\/p>\n\n\n\n<p>7. Accetto che potrebbe non essere possibile modificare o modificare il mio ordine una volta effettuato. Questo \u00e8 per lo stesso motivo (sopra) per cui non sono possibili rimborsi. Possiamo fare una richiesta, ea volte avr\u00e0 successo, ma non sempre. Dovremo addebitare una tassa amministrativa per tali modifiche.<\/p>\n\n\n\n<p>8. Accetto che sia mia responsabilit\u00e0 seguire attentamente le istruzioni sul mio voucher.<\/p>\n\n\n\n<h3 class=\"wp-block-heading\">Orario di ufficio<\/h3>\n\n\n\n<p>I nostri uffici sono aperti (ora italiana) dalle 8.30 alle 17.30, dal marted\u00ec alla domenica. Il nostro ufficio \u00e8 chiuso il luned\u00ec e le principali festivit\u00e0 nazionali. Ti risponderemo immediatamente al nostro ritorno al lavoro. Se non ricevi alcuna risposta da parte nostra entro tre giorni lavorativi, si presume che abbiamo un indirizzo e-mail errato o che il tuo ISP\/Server stia in qualche modo bloccando la nostra risposta tramite un filtro.<\/p>\n\n\n\n<p>Ancora una volta, non esitare a contattarci (contact@accademiadavidtickets.com) se senti qualcosa.<\/p>\n<\/div><\/div>\n<\/div><\/div><\/div>","protected":false},"excerpt":{"rendered":"<p>Terms &amp; Conditions By submitting the booking form, you are accepting the following conditions: 1. Once the form has been submitted, I understand that no refunds are possible. 2. I understand that Florence Specialist for Small Group Tours Srls. (the parent company of Accademiadavidtickets.com) will be using the email address I supply on the form&#8230;<\/p>","protected":false},"author":1,"featured_media":0,"parent":0,"menu_order":0,"comment_status":"closed","ping_status":"closed","template":"","meta":{"_kad_blocks_custom_css":"","_kad_blocks_head_custom_js":"","_kad_blocks_body_custom_js":"","_kad_blocks_footer_custom_js":"","_kadence_starter_templates_imported_post":false,"_kad_post_transparent":"disable","_kad_post_title":"hide","_kad_post_layout":"normal","_kad_post_sidebar_id":"","_kad_post_content_style":"unboxed","_kad_post_vertical_padding":"hide","_kad_post_feature":"hide","_kad_post_feature_position":"","_kad_post_header":false,"_kad_post_footer":false,"_joinchat":[],"footnotes":""},"class_list":["post-1507","page","type-page","status-publish","hentry"],"featured_image_src_large":false,"author_info":{"display_name":"Accademia David Tickets","author_link":"https:\/\/accademiadavidtickets.com\/it\/author\/g-dhanushka123gmail-com\/"},"comment_info":0,"taxonomy_info":[],"_links":{"self":[{"href":"https:\/\/accademiadavidtickets.com\/it\/wp-json\/wp\/v2\/pages\/1507","targetHints":{"allow":["GET"]}}],"collection":[{"href":"https:\/\/accademiadavidtickets.com\/it\/wp-json\/wp\/v2\/pages"}],"about":[{"href":"https:\/\/accademiadavidtickets.com\/it\/wp-json\/wp\/v2\/types\/page"}],"author":[{"embeddable":true,"href":"https:\/\/accademiadavidtickets.com\/it\/wp-json\/wp\/v2\/users\/1"}],"replies":[{"embeddable":true,"href":"https:\/\/accademiadavidtickets.com\/it\/wp-json\/wp\/v2\/comments?post=1507"}],"version-history":[{"count":0,"href":"https:\/\/accademiadavidtickets.com\/it\/wp-json\/wp\/v2\/pages\/1507\/revisions"}],"wp:attachment":[{"href":"https:\/\/accademiadavidtickets.com\/it\/wp-json\/wp\/v2\/media?parent=1507"}],"curies":[{"name":"wp","href":"https:\/\/api.w.org\/{rel}","templated":true}]}}