{"id":1501,"date":"2022-09-28T19:26:07","date_gmt":"2022-09-28T19:26:07","guid":{"rendered":"http:\/\/accademiadavidtickets.com\/?page_id=1501"},"modified":"2022-10-07T14:41:38","modified_gmt":"2022-10-07T14:41:38","slug":"privacy-gdpr","status":"publish","type":"page","link":"https:\/\/accademiadavidtickets.com\/it\/privacy-gdpr\/","title":{"rendered":"Privacy &#038; GDPR"},"content":{"rendered":"<style>.kadence-column_0ae3e8-f3 > .kt-inside-inner-col{border-top-width:0px;border-right-width:0px;border-bottom-width:0px;border-left-width:0px;}.kadence-column_0ae3e8-f3 > .kt-inside-inner-col,.kadence-column_0ae3e8-f3 > .kt-inside-inner-col:before{border-top-left-radius:0px;border-top-right-radius:0px;border-bottom-right-radius:0px;border-bottom-left-radius:0px;}.kadence-column_0ae3e8-f3 > .kt-inside-inner-col{column-gap:var(--global-kb-gap-sm, 1rem);}.kadence-column_0ae3e8-f3 > .kt-inside-inner-col{flex-direction:column;}.kadence-column_0ae3e8-f3 > .kt-inside-inner-col > .aligncenter{width:100%;}.kadence-column_0ae3e8-f3 > .kt-inside-inner-col:before{opacity:0.3;}.kadence-column_0ae3e8-f3{position:relative;}@media all and (max-width: 1024px){.kadence-column_0ae3e8-f3 > .kt-inside-inner-col{flex-direction:column;justify-content:center;}}@media all and (max-width: 767px){.kadence-column_0ae3e8-f3 > .kt-inside-inner-col{flex-direction:column;justify-content:center;}}<\/style>\n<div class=\"wp-block-kadence-column inner-column-1 kadence-column_0ae3e8-f3\"><div class=\"kt-inside-inner-col\"><style>#kt-layout-id_d354a6-c6 > .kt-row-column-wrap{align-content:center;}:where(#kt-layout-id_d354a6-c6 > .kt-row-column-wrap) > .wp-block-kadence-column{justify-content:center;}#kt-layout-id_d354a6-c6 > .kt-row-column-wrap{column-gap:var(--global-kb-gap-md, 2rem);row-gap:var(--global-kb-gap-md, 2rem);max-width:1200px;margin-left:auto;margin-right:auto;padding-top:var( --global-kb-row-default-top, 25px );padding-bottom:var( --global-kb-row-default-bottom, 25px );padding-left:0px;min-height:400px;grid-template-columns:minmax(0, 1fr);}#kt-layout-id_d354a6-c6{background-image:url('http:\/\/accademiadavidtickets.com\/wp-content\/uploads\/2022\/09\/74.jpg');background-size:cover;background-position:center center;background-attachment:scroll;background-repeat:no-repeat;}#kt-layout-id_d354a6-c6 > .kt-row-layout-overlay{opacity:0.30;}@media all and (max-width: 1024px){#kt-layout-id_d354a6-c6 > .kt-row-column-wrap{grid-template-columns:minmax(0, 1fr);}}@media all and (max-width: 767px){#kt-layout-id_d354a6-c6 > .kt-row-column-wrap{grid-template-columns:minmax(0, 1fr);}}<\/style>\n<div class=\"wp-block-kadence-rowlayout alignfull\"><div id=\"kt-layout-id_d354a6-c6\" class=\"kt-row-layout-inner kt-row-has-bg kt-layout-id_d354a6-c6\"><div class=\"kt-row-column-wrap kt-has-1-columns kt-gutter-default kt-v-gutter-default kt-row-valign-middle kt-row-layout-equal kt-tab-layout-inherit kt-m-colapse-left-to-right kt-mobile-layout-row\"><style>.kadence-column_6d3a2f-cf > .kt-inside-inner-col{border-top-width:0px;border-right-width:0px;border-bottom-width:0px;border-left-width:0px;}.kadence-column_6d3a2f-cf > .kt-inside-inner-col,.kadence-column_6d3a2f-cf > .kt-inside-inner-col:before{border-top-left-radius:0px;border-top-right-radius:0px;border-bottom-right-radius:0px;border-bottom-left-radius:0px;}.kadence-column_6d3a2f-cf > .kt-inside-inner-col{column-gap:var(--global-kb-gap-sm, 1rem);}.kadence-column_6d3a2f-cf > .kt-inside-inner-col{flex-direction:column;}.kadence-column_6d3a2f-cf > .kt-inside-inner-col > .aligncenter{width:100%;}.kadence-column_6d3a2f-cf > .kt-inside-inner-col:before{opacity:0.3;}.kadence-column_6d3a2f-cf{position:relative;}@media all and (max-width: 1024px){.kadence-column_6d3a2f-cf > .kt-inside-inner-col{flex-direction:column;justify-content:center;}}@media all and (max-width: 767px){.kadence-column_6d3a2f-cf > .kt-inside-inner-col{flex-direction:column;justify-content:center;}}<\/style>\n<div class=\"wp-block-kadence-column inner-column-1 kadence-column_6d3a2f-cf\"><div class=\"kt-inside-inner-col\"><style>.wp-block-kadence-advancedheading.kt-adv-heading_aaac86-3f, .wp-block-kadence-advancedheading.kt-adv-heading_aaac86-3f[data-kb-block=\"kb-adv-heading_aaac86-3f\"]{font-style:normal;text-shadow:5px 1px 5px rgba(0, 0, 0, 0.2);}.wp-block-kadence-advancedheading.kt-adv-heading_aaac86-3f mark.kt-highlight, .wp-block-kadence-advancedheading.kt-adv-heading_aaac86-3f[data-kb-block=\"kb-adv-heading_aaac86-3f\"] mark.kt-highlight{font-style:normal;color:#f76a0c;-webkit-box-decoration-break:clone;box-decoration-break:clone;padding-top:0px;padding-right:0px;padding-bottom:0px;padding-left:0px;}@media all and (max-width: 1024px){.wp-block-kadence-advancedheading.kt-adv-heading_aaac86-3f, .wp-block-kadence-advancedheading.kt-adv-heading_aaac86-3f[data-kb-block=\"kb-adv-heading_aaac86-3f\"]{text-shadow:5px 1px 5px rgba(0, 0, 0, 0.2);}}@media all and (max-width: 767px){.wp-block-kadence-advancedheading.kt-adv-heading_aaac86-3f, .wp-block-kadence-advancedheading.kt-adv-heading_aaac86-3f[data-kb-block=\"kb-adv-heading_aaac86-3f\"]{text-shadow:5px 1px 5px rgba(0, 0, 0, 0.2);}}<\/style>\n<h1 class=\"kt-adv-heading_aaac86-3f wp-block-kadence-advancedheading has-theme-palette-9-color has-text-color\" data-kb-block=\"kb-adv-heading_aaac86-3f\">Privacy e RGPD<\/h1>\n<\/div><\/div>\n<\/div><\/div><\/div>\n<\/div><\/div>\n\n\n<style>#kt-layout-id_637c7d-e2 > .kt-row-column-wrap{align-content:start;}:where(#kt-layout-id_637c7d-e2 > .kt-row-column-wrap) > .wp-block-kadence-column{justify-content:start;}#kt-layout-id_637c7d-e2 > .kt-row-column-wrap{column-gap:var(--global-kb-gap-md, 2rem);row-gap:var(--global-kb-gap-md, 2rem);padding-top:var( --global-kb-row-default-top, 25px );padding-bottom:var( --global-kb-row-default-bottom, 25px );padding-top:50px;padding-bottom:50px;grid-template-columns:minmax(0, 1fr);}#kt-layout-id_637c7d-e2 > .kt-row-layout-overlay{opacity:0.30;}@media all and (max-width: 1024px){#kt-layout-id_637c7d-e2 > .kt-row-column-wrap{grid-template-columns:minmax(0, 1fr);}}@media all and (max-width: 767px){#kt-layout-id_637c7d-e2 > .kt-row-column-wrap{grid-template-columns:minmax(0, 1fr);}}<\/style>\n<div class=\"wp-block-kadence-rowlayout alignnone\"><div id=\"kt-layout-id_637c7d-e2\" class=\"kt-row-layout-inner kt-layout-id_637c7d-e2\"><div class=\"kt-row-column-wrap kt-has-1-columns kt-gutter-default kt-v-gutter-default kt-row-valign-top kt-row-layout-equal kt-tab-layout-inherit kt-m-colapse-left-to-right kt-mobile-layout-row\"><style>.kadence-column_7a82d5-e4 > .kt-inside-inner-col{border-top-width:0px;border-right-width:0px;border-bottom-width:0px;border-left-width:0px;}.kadence-column_7a82d5-e4 > .kt-inside-inner-col,.kadence-column_7a82d5-e4 > .kt-inside-inner-col:before{border-top-left-radius:0px;border-top-right-radius:0px;border-bottom-right-radius:0px;border-bottom-left-radius:0px;}.kadence-column_7a82d5-e4 > .kt-inside-inner-col{column-gap:var(--global-kb-gap-sm, 1rem);}.kadence-column_7a82d5-e4 > .kt-inside-inner-col{flex-direction:column;}.kadence-column_7a82d5-e4 > .kt-inside-inner-col > .aligncenter{width:100%;}.kadence-column_7a82d5-e4 > .kt-inside-inner-col:before{opacity:0.3;}.kadence-column_7a82d5-e4{position:relative;}@media all and (max-width: 1024px){.kadence-column_7a82d5-e4 > .kt-inside-inner-col{flex-direction:column;justify-content:center;}}@media all and (max-width: 767px){.kadence-column_7a82d5-e4 > .kt-inside-inner-col{flex-direction:column;justify-content:center;}}<\/style>\n<div class=\"wp-block-kadence-column inner-column-1 kadence-column_7a82d5-e4\"><div class=\"kt-inside-inner-col\">\n<p>Questo sito \u00e8 stato creato in Italia, e la societ\u00e0 titolare \u00e8 (FLORENCE SPECIALISTS FOR SMALL GROUP TOURS SRLS) registrata in Italia (n. 06903150487) ed opera ai sensi della legge sulla privacy 675\/96, art. 10. I diritti del cliente sono tutelati dall&#039;art. 13 della stessa legge.&nbsp;<\/p>\n\n\n\n<p>I dati personali del cliente sono registrati ai sensi dell&#039;art. 10 della Legge 675\/96 al solo fine di espletare i servizi richiesti ed effettuare le relative comunicazioni richieste dal cliente.<\/p>\n\n\n\n<p>I dati verranno comunicati solo all&#039;ufficio di prenotazione statale competente (o suo rappresentante) oa terzi autorizzati a svolgere i servizi per conto di detta agenzia.<\/p>\n\n\n\n<p>Il cliente \u00e8 tutelato dall&#039;art. 13 della Legge 675\/96 e, in particolare, pu\u00f2 richiedere in qualsiasi momento la cancellazione dei propri dati personali dagli archivi di accademiadavidtickets.com inviando una semplice richiesta scritta. Questo pu\u00f2 essere fatto anche tramite e-mail. Titolare e responsabile della raccolta, conservazione e trattamento dei dati \u00e8 la societ\u00e0:<\/p>\n\n\n\n<p>GLI SPECIALISTI DI FIRENZE PER PICCOLI GRUPPI TOURS SRLS<br>VIA RICASOLI 119\/R, CAP 50122,<br>FIRENZE, ITALIA<\/p>\n\n\n\n<h2 class=\"wp-block-heading\">GDPR \u2013 Regolamento generale sulla protezione dei dati. Europa, maggio 2021<\/h2>\n\n\n\n<p>Il nostro obiettivo \u00e8 essere pienamente conformi all&#039;ambito di applicazione di queste nuove normative. Abbiamo aggiunto caselle di controllo del consenso (spiegazioni di accompagnamento) a tutti i punti del sito che richiedono di fornire informazioni personali. Riconosciamo la necessit\u00e0 per i clienti di poter richiedere copie di queste informazioni e di poter richiedere la rimozione di tali informazioni. Contattaci utilizzando contact@accademiadavidtickets.com per tali richieste.<\/p>\n\n\n\n<p>Logicamente, non vorrai richiedere la rimozione dei dati prima di aver visitato l&#039;Italia, in quanto rimuovere il login del tuo voucher e i dettagli di contatto - ad esempio, potremmo aver bisogno di metterti in contatto per informarti di circostanze in Italia che potrebbero influenzare la tua visita.<\/p>\n\n\n\n<h2 class=\"wp-block-heading\">Garante per la Protezione dei Dati Personali (Garante per la Protezione dei Dati Personali) e Cookie<\/h2>\n\n\n\n<p>A partire dal 10 gennaio 2022, la legge per i siti Web e i cookie italiani \u00e8 cambiata (Direttiva 2002\/58\/CE). Ci\u00f2 significa che mentre accademiadevidtickets continua a utilizzare i cookie di prima parte per impostazione predefinita, i cookie esterni o di terze parti richiedono il tuo esplicito consenso utilizzando il modulo \u201cCookie Policy\u201d che appare alla tua prima visita su accademiadevidtickets.com. Puoi accedere a quel modulo e modificare le autorizzazioni che concedi in qualsiasi momento utilizzando il segno pi\u00f9 in basso a sinistra di qualsiasi pagina.<\/p>\n\n\n\n<h2 class=\"wp-block-heading\">Cookie di prima parte \u2013 Non \u00e8 richiesto alcun consenso<\/h2>\n\n\n\n<p>Il sistema del carrello utilizzato su questo sito a volte tenta di utilizzare i cookie. Tuttavia, si tratta principalmente di cookie di sola sessione, essenziali per la funzionalit\u00e0 del carrello degli acquisti, che verranno eliminati alla successiva chiusura del browser. I due biscotti messi dal carrello che&nbsp;<em>non sono<\/em>&nbsp;i cookie di sessione memorizzano (1) l&#039;impostazione della lingua utilizzata per visualizzare accademiadavidtickets.com e (2) il sito di riferimento \u2013 se presente \u2013 per la tua visita a accademiadavidtickets.com (da un link di Google, un link su un altro sito, un segnalibro, hai reso l&#039;idea). Questi due cookie hanno rispettivamente un anno e sei mesi. Nessuna di queste informazioni \u00e8 identificabile personalmente e sono tutti dati anonimi.<\/p>\n\n\n\n<h2 class=\"wp-block-heading\">Cookie di Google Analytics \u2013 Consenso richiesto<\/h2>\n\n\n\n<p>Questo sito Web ora utilizza Google Analytics per studiare i modelli di utilizzo per migliorare l&#039;usabilit\u00e0 e la funzionalit\u00e0 del sito.<\/p>\n\n\n\n<p>Google Analytics utilizza i &quot;cookies&quot; (piccoli e semplici file di testo depositati sul tuo computer) per aiutarci ad analizzare come gli utenti utilizzano il nostro sito. Le informazioni generate dal cookie sull&#039;utilizzo del nostro sito Web (compreso il tuo indirizzo IP) verranno trasmesse a Google. Google utilizzer\u00e0 queste informazioni per valutare l&#039;utilizzo del nostro sito Web, compilare report sulle attivit\u00e0 del sito Web per gli operatori del sito Web e fornire altri servizi relativi alle attivit\u00e0 del sito Web e all&#039;utilizzo di Internet.<\/p>\n\n\n\n<p>Google pu\u00f2 anche trasferire queste informazioni a terzi ove ci\u00f2 sia imposto dalla legge o laddove tali terzi trattino le suddette informazioni per conto di Google. Google non assocer\u00e0 il tuo indirizzo IP a nessun altro dato posseduto da Google. Puoi rifiutare l&#039;uso dei cookie selezionando l&#039;impostazione appropriata sul tuo browser; tuttavia, tieni presente che se lo fai, potresti non essere in grado di utilizzare tutte le funzionalit\u00e0 del nostro sito web. Utilizzando il nostro sito Web, acconsenti al trattamento dei tuoi dati da parte di Google per le modalit\u00e0 e per le finalit\u00e0 sopra indicate.<\/p>\n\n\n\n<p>Per disattivare il monitoraggio da parte di Google Analytics su tutti i siti Web, visitare&nbsp;<a href=\"http:\/\/tools.google.com\/dlpage\/gaoptout\" target=\"_blank\" rel=\"noreferrer noopener\">http:\/\/tools.google.com\/dlpage\/gaoptout<\/a>.<\/p>\n\n\n\n<p>accademiadavidtickets.com non utilizzer\u00e0 (e non consentir\u00e0 a terzi) di utilizzare lo strumento di analisi statistica per tracciare o raccogliere informazioni personali identificabili sui visitatori del nostro sito. Non assoceremo alcun dato raccolto da questo sito con alcuna informazione di identificazione personale da qualsiasi fonte come parte del nostro utilizzo dello strumento di analisi statistica di Google. Google non assocer\u00e0 il tuo indirizzo IP a nessun altro dato posseduto da Google. N\u00e9 accademiadavidtickets n\u00e9 Google collegheranno, o cercheranno di collegare, un indirizzo IP con l&#039;identit\u00e0 di un utente di computer.<\/p>\n\n\n\n<p>I due cookie persistenti &#039;rilasciati&#039; da Google Analytics hanno rispettivamente una durata di 6 mesi e due anni.<\/p>\n\n\n\n<h2 class=\"wp-block-heading\">Wordpress \u2013 Blog<\/h2>\n\n\n\n<p>La registrazione dell&#039;utente sul nostro blog fa s\u00ec che WordPress utilizzi un paio di cookie di sessione e un cookie persistente con una durata di 1 anno.&nbsp;<\/p>\n\n\n\n<p>Se ti iscrivi a una delle nostre mailing list, allora, chiaramente, abbiamo bisogno del tuo indirizzo email. Per gestire le tue preferenze e, se lo desideri, eliminare il tuo account, visita questa pagina: utilizziamo WordPress per gestire le mailing list.<\/p>\n\n\n\n<p>Si presume che utilizzando il sito accademiadavidtickets.com, accetti le condizioni ei termini descritti in questa pagina. Grazie.<\/p>\n\n\n\n<h2 class=\"wp-block-heading\">Dichiarazione di non responsabilit\u00e0 standard<\/h2>\n\n\n\n<p>accademiadavidtickets.com declina ogni garanzia relativa alle informazioni contenute in queste pagine, comprese tutte le garanzie implicite di qualit\u00e0 soddisfacente e idoneit\u00e0 allo scopo. In nessun caso accademiadavidtickets.com sar\u00e0 responsabile per eventuali danni speciali, indiretti o consequenziali o per qualsiasi danno derivante dalla perdita di utilizzo, dati o profitti, sia in un&#039;azione contrattuale, negligenza o altra azione illecita, derivante da o in relazione all&#039;uso o all&#039;esecuzione di queste informazioni.<\/p>\n<\/div><\/div>\n<\/div><\/div><\/div>","protected":false},"excerpt":{"rendered":"<p>Privacy &amp; GDPR This site was created in Italy, and the owning company is (FLORENCE SPECIALISTS FOR SMALL GROUP TOURS SRLS) registered in Italy (No. 06903150487) and operates under the Italian privacy Act 675\/96, Article 10. The customer&#8217;s rights are protected by article 13 of the same Act.&nbsp; The customer&#8217;s personal data are recorded under&#8230;<\/p>","protected":false},"author":1,"featured_media":0,"parent":0,"menu_order":0,"comment_status":"closed","ping_status":"closed","template":"","meta":{"_kad_blocks_custom_css":"","_kad_blocks_head_custom_js":"","_kad_blocks_body_custom_js":"","_kad_blocks_footer_custom_js":"","_kadence_starter_templates_imported_post":false,"_kad_post_transparent":"disable","_kad_post_title":"hide","_kad_post_layout":"normal","_kad_post_sidebar_id":"","_kad_post_content_style":"unboxed","_kad_post_vertical_padding":"hide","_kad_post_feature":"hide","_kad_post_feature_position":"","_kad_post_header":false,"_kad_post_footer":false,"_joinchat":[],"footnotes":""},"class_list":["post-1501","page","type-page","status-publish","hentry"],"featured_image_src_large":false,"author_info":{"display_name":"Accademia David Tickets","author_link":"https:\/\/accademiadavidtickets.com\/it\/author\/g-dhanushka123gmail-com\/"},"comment_info":0,"taxonomy_info":[],"_links":{"self":[{"href":"https:\/\/accademiadavidtickets.com\/it\/wp-json\/wp\/v2\/pages\/1501","targetHints":{"allow":["GET"]}}],"collection":[{"href":"https:\/\/accademiadavidtickets.com\/it\/wp-json\/wp\/v2\/pages"}],"about":[{"href":"https:\/\/accademiadavidtickets.com\/it\/wp-json\/wp\/v2\/types\/page"}],"author":[{"embeddable":true,"href":"https:\/\/accademiadavidtickets.com\/it\/wp-json\/wp\/v2\/users\/1"}],"replies":[{"embeddable":true,"href":"https:\/\/accademiadavidtickets.com\/it\/wp-json\/wp\/v2\/comments?post=1501"}],"version-history":[{"count":0,"href":"https:\/\/accademiadavidtickets.com\/it\/wp-json\/wp\/v2\/pages\/1501\/revisions"}],"wp:attachment":[{"href":"https:\/\/accademiadavidtickets.com\/it\/wp-json\/wp\/v2\/media?parent=1501"}],"curies":[{"name":"wp","href":"https:\/\/api.w.org\/{rel}","templated":true}]}}